{"id":1854,"date":"2025-12-19T10:51:59","date_gmt":"2025-12-19T09:51:59","guid":{"rendered":"https:\/\/skinline.be\/contact\/"},"modified":"2025-12-23T16:54:57","modified_gmt":"2025-12-23T15:54:57","slug":"contact","status":"publish","type":"page","link":"https:\/\/skinline.be\/fr\/contact\/","title":{"rendered":"Contact"},"content":{"rendered":"\t\t<div data-elementor-type=\"wp-page\" data-elementor-id=\"1854\" class=\"elementor elementor-1854 elementor-1284\" data-elementor-post-type=\"page\">\n\t\t\t\t<div class=\"elementor-element elementor-element-50ef9db e-con-full e-flex e-con e-parent\" data-id=\"50ef9db\" data-element_type=\"container\">\n\t\t<div class=\"elementor-element elementor-element-d750003 e-con-full e-flex e-con e-child\" data-id=\"d750003\" data-element_type=\"container\" data-settings=\"{&quot;background_background&quot;:&quot;classic&quot;}\">\n\t\t<div class=\"elementor-element elementor-element-1ed34ba e-con-full main-container mobile-hero hero-push e-grid e-con e-child\" data-id=\"1ed34ba\" data-element_type=\"container\" data-settings=\"{&quot;background_background&quot;:&quot;classic&quot;}\">\n\t\t<div class=\"elementor-element elementor-element-cb83b10 e-con-full e-flex e-con e-child\" data-id=\"cb83b10\" data-element_type=\"container\" data-settings=\"{&quot;background_background&quot;:&quot;classic&quot;}\">\n\t\t\t\t<div class=\"elementor-element elementor-element-1526309 elementor-invisible elementor-widget elementor-widget-image\" data-id=\"1526309\" data-element_type=\"widget\" data-settings=\"{&quot;_animation&quot;:&quot;fadeInLeft&quot;}\" data-widget_type=\"image.default\">\n\t\t\t\t\t\t\t\t\t\t\t\t\t\t\t\t<a href=\"https:\/\/skinline.be\/wp-content\/uploads\/2025\/12\/contacteer-skinline-scaled.jpg\" data-elementor-open-lightbox=\"yes\" data-e-action-hash=\"#elementor-action%3Aaction%3Dlightbox%26settings%3DeyJpZCI6MTg1MywidXJsIjoiaHR0cHM6XC9cL3NraW5saW5lLmJlXC93cC1jb250ZW50XC91cGxvYWRzXC8yMDI1XC8xMlwvY29udGFjdGVlci1za2lubGluZS1zY2FsZWQuanBnIn0%3D\">\n\t\t\t\t\t\t\t<img fetchpriority=\"high\" decoding=\"async\" width=\"1707\" height=\"2560\" src=\"https:\/\/skinline.be\/wp-content\/uploads\/2025\/12\/contacteer-skinline-scaled.jpg\" class=\"attachment-full size-full wp-image-1853\" alt=\"contacteer skinline\" srcset=\"https:\/\/skinline.be\/wp-content\/uploads\/2025\/12\/contacteer-skinline-scaled.jpg 1707w, https:\/\/skinline.be\/wp-content\/uploads\/2025\/12\/contacteer-skinline-200x300.jpg 200w, https:\/\/skinline.be\/wp-content\/uploads\/2025\/12\/contacteer-skinline-683x1024.jpg 683w, https:\/\/skinline.be\/wp-content\/uploads\/2025\/12\/contacteer-skinline-768x1152.jpg 768w, https:\/\/skinline.be\/wp-content\/uploads\/2025\/12\/contacteer-skinline-1024x1536.jpg 1024w, https:\/\/skinline.be\/wp-content\/uploads\/2025\/12\/contacteer-skinline-1365x2048.jpg 1365w\" sizes=\"(max-width: 1707px) 100vw, 1707px\" \/>\t\t\t\t\t\t\t\t<\/a>\n\t\t\t\t\t\t\t\t\t\t\t\t\t\t\t<\/div>\n\t\t\t\t<\/div>\n\t\t<div class=\"elementor-element elementor-element-d7e37c0 e-con-full hero-text e-flex e-con e-child\" data-id=\"d7e37c0\" data-element_type=\"container\">\n\t\t\t\t<div class=\"elementor-element elementor-element-3792c25 elementor-invisible elementor-widget elementor-widget-heading\" data-id=\"3792c25\" data-element_type=\"widget\" data-settings=\"{&quot;_animation&quot;:&quot;fadeInRight&quot;}\" data-widget_type=\"heading.default\">\n\t\t\t\t\t<h1 class=\"elementor-heading-title elementor-size-default\"><span>Contactez-nous<\/span> pour des traitements au laser \u00e0 Anvers <\/h1>\t\t\t\t<\/div>\n\t\t\t\t<div class=\"elementor-element elementor-element-b51862a elementor-invisible elementor-widget elementor-widget-text-editor\" data-id=\"b51862a\" data-element_type=\"widget\" data-settings=\"{&quot;_animation&quot;:&quot;fadeInRight&quot;,&quot;_animation_delay&quot;:200}\" data-widget_type=\"text-editor.default\">\n\t\t\t\t\t\t\t\t\t<p>Vous ne savez pas quel traitement au laser vous convient\u202f? Vous souhaitez en savoir plus sur nos traitements ou notre m\u00e9thode\u202f? Remplissez le formulaire ci-dessous et nous vous recontacterons rapidement.  <\/p>\t\t\t\t\t\t\t\t<\/div>\n\t\t<div class=\"elementor-element elementor-element-2877953 e-con-full e-flex e-con e-child\" data-id=\"2877953\" data-element_type=\"container\">\n\t\t\t\t<div class=\"elementor-element elementor-element-2a7d131 elementor-button-align-start elementor-invisible elementor-widget elementor-widget-form\" data-id=\"2a7d131\" data-element_type=\"widget\" data-settings=\"{&quot;step_next_label&quot;:&quot;Suivant&quot;,&quot;step_previous_label&quot;:&quot;Pr\\u00e9c\\u00e9dent&quot;,&quot;_animation&quot;:&quot;fadeInRight&quot;,&quot;_animation_delay&quot;:400,&quot;button_width&quot;:&quot;100&quot;,&quot;step_type&quot;:&quot;number_text&quot;,&quot;step_icon_shape&quot;:&quot;circle&quot;}\" data-widget_type=\"form.default\">\n\t\t\t\t\t\t\t<form class=\"elementor-form\" method=\"post\" name=\"Nouveau formulaire\" aria-label=\"Nouveau formulaire\">\n\t\t\t<input type=\"hidden\" name=\"post_id\" value=\"1854\"\/>\n\t\t\t<input type=\"hidden\" name=\"form_id\" value=\"2a7d131\"\/>\n\t\t\t<input type=\"hidden\" name=\"referer_title\" value=\"Contact - Skinline\" \/>\n\n\t\t\t\t\t\t\t<input type=\"hidden\" name=\"queried_id\" value=\"1854\"\/>\n\t\t\t\n\t\t\t<div class=\"elementor-form-fields-wrapper elementor-labels-\">\n\t\t\t\t\t\t\t\t<div class=\"elementor-field-type-text elementor-field-group elementor-column elementor-field-group-name elementor-col-100 elementor-field-required\">\n\t\t\t\t\t\t\t\t\t\t\t\t<label for=\"form-field-name\" class=\"elementor-field-label elementor-screen-only\">\n\t\t\t\t\t\t\t\tNom\t\t\t\t\t\t\t<\/label>\n\t\t\t\t\t\t\t\t\t\t\t\t\t\t<input size=\"1\" type=\"text\" name=\"form_fields[name]\" id=\"form-field-name\" class=\"elementor-field elementor-size-sm  elementor-field-textual\" placeholder=\"Nom*\" required=\"required\">\n\t\t\t\t\t\t\t\t\t\t\t<\/div>\n\t\t\t\t\t\t\t\t<div class=\"elementor-field-type-text elementor-field-group elementor-column elementor-field-group-voornaam elementor-col-100 elementor-field-required\">\n\t\t\t\t\t\t\t\t\t\t\t\t<label for=\"form-field-voornaam\" class=\"elementor-field-label elementor-screen-only\">\n\t\t\t\t\t\t\t\tPr\u00e9nom\t\t\t\t\t\t\t<\/label>\n\t\t\t\t\t\t\t\t\t\t\t\t\t\t<input size=\"1\" type=\"text\" name=\"form_fields[voornaam]\" id=\"form-field-voornaam\" class=\"elementor-field elementor-size-sm  elementor-field-textual\" placeholder=\"Pr\u00e9nom*\" required=\"required\">\n\t\t\t\t\t\t\t\t\t\t\t<\/div>\n\t\t\t\t\t\t\t\t<div class=\"elementor-field-type-tel elementor-field-group elementor-column elementor-field-group-field_e43372c elementor-col-100 elementor-field-required\">\n\t\t\t\t\t\t\t\t\t\t\t\t<label for=\"form-field-field_e43372c\" class=\"elementor-field-label elementor-screen-only\">\n\t\t\t\t\t\t\t\tNum\u00e9ro de t\u00e9l\u00e9phone\t\t\t\t\t\t\t<\/label>\n\t\t\t\t\t\t\t\t<input size=\"1\" type=\"tel\" name=\"form_fields[field_e43372c]\" id=\"form-field-field_e43372c\" class=\"elementor-field elementor-size-sm  elementor-field-textual\" placeholder=\"Num\u00e9ro de t\u00e9l\u00e9phone*\" required=\"required\" pattern=\"[0-9()#&amp;+*-=.]+\" title=\"Only numbers and phone characters (#, -, *, etc) are accepted.\">\n\n\t\t\t\t\t\t<\/div>\n\t\t\t\t\t\t\t\t<div class=\"elementor-field-type-email elementor-field-group elementor-column elementor-field-group-email elementor-col-100 elementor-field-required\">\n\t\t\t\t\t\t\t\t\t\t\t\t<label for=\"form-field-email\" class=\"elementor-field-label elementor-screen-only\">\n\t\t\t\t\t\t\t\tAdresse e-mail\t\t\t\t\t\t\t<\/label>\n\t\t\t\t\t\t\t\t\t\t\t\t\t\t<input size=\"1\" type=\"email\" name=\"form_fields[email]\" id=\"form-field-email\" class=\"elementor-field elementor-size-sm  elementor-field-textual\" placeholder=\"Adresse e-mail*\" required=\"required\">\n\t\t\t\t\t\t\t\t\t\t\t<\/div>\n\t\t\t\t\t\t\t\t<div class=\"elementor-field-type-textarea elementor-field-group elementor-column elementor-field-group-message elementor-col-100 elementor-field-required\">\n\t\t\t\t\t\t\t\t\t\t\t\t<label for=\"form-field-message\" class=\"elementor-field-label elementor-screen-only\">\n\t\t\t\t\t\t\t\tMessage\t\t\t\t\t\t\t<\/label>\n\t\t\t\t\t\t<textarea class=\"elementor-field-textual elementor-field  elementor-size-sm\" name=\"form_fields[message]\" id=\"form-field-message\" rows=\"8\" placeholder=\"Message*\" required=\"required\"><\/textarea>\t\t\t\t<\/div>\n\t\t\t\t\t\t\t\t<div class=\"elementor-field-group elementor-column elementor-field-type-submit elementor-col-100 e-form__buttons\">\n\t\t\t\t\t<button class=\"elementor-button elementor-size-sm\" type=\"submit\">\n\t\t\t\t\t\t<span class=\"elementor-button-content-wrapper\">\n\t\t\t\t\t\t\t\t\t\t\t\t\t\t\t\t\t\t\t\t\t\t<span class=\"elementor-button-text\">Envoyer<\/span>\n\t\t\t\t\t\t\t\t\t\t\t\t\t<\/span>\n\t\t\t\t\t<\/button>\n\t\t\t\t<\/div>\n\t\t\t<\/div>\n\t\t<\/form>\n\t\t\t\t\t\t<\/div>\n\t\t\t\t<\/div>\n\t\t\t\t<\/div>\n\t\t\t\t<\/div>\n\t\t<div class=\"elementor-element elementor-element-3ca1d1f e-grid e-con-full big-container e-con e-child\" data-id=\"3ca1d1f\" data-element_type=\"container\">\n\t\t<div class=\"elementor-element elementor-element-9eb8613 e-con-full e-flex e-con e-child\" data-id=\"9eb8613\" data-element_type=\"container\">\n\t\t<div class=\"elementor-element elementor-element-2721eb2 e-con-full e-flex e-con e-child\" data-id=\"2721eb2\" data-element_type=\"container\">\n\t\t\t\t<div class=\"elementor-element elementor-element-be7e460 elementor-invisible elementor-widget elementor-widget-heading\" data-id=\"be7e460\" data-element_type=\"widget\" data-settings=\"{&quot;_animation&quot;:&quot;fadeInLeft&quot;}\" data-widget_type=\"heading.default\">\n\t\t\t\t\t<h2 class=\"elementor-heading-title elementor-size-default\">Appelez-nous<\/h2>\t\t\t\t<\/div>\n\t\t\t\t<div class=\"elementor-element elementor-element-e4c034f elementor-invisible elementor-widget elementor-widget-text-editor\" data-id=\"e4c034f\" data-element_type=\"widget\" data-settings=\"{&quot;_animation&quot;:&quot;fadeInLeft&quot;}\" data-widget_type=\"text-editor.default\">\n\t\t\t\t\t\t\t\t\t<p><a href=\"tel:+32491418786\">0491 41 87 86<\/a><\/p>\t\t\t\t\t\t\t\t<\/div>\n\t\t\t\t<\/div>\n\t\t<div class=\"elementor-element elementor-element-42d6383 e-con-full e-flex e-con e-child\" data-id=\"42d6383\" data-element_type=\"container\">\n\t\t\t\t<div class=\"elementor-element elementor-element-b8bb1e3 elementor-invisible elementor-widget elementor-widget-heading\" data-id=\"b8bb1e3\" data-element_type=\"widget\" data-settings=\"{&quot;_animation&quot;:&quot;fadeInLeft&quot;}\" data-widget_type=\"heading.default\">\n\t\t\t\t\t<h2 class=\"elementor-heading-title elementor-size-default\">Visitez notre centre laser<\/h2>\t\t\t\t<\/div>\n\t\t\t\t<div class=\"elementor-element elementor-element-15945bd elementor-invisible elementor-widget elementor-widget-text-editor\" data-id=\"15945bd\" data-element_type=\"widget\" data-settings=\"{&quot;_animation&quot;:&quot;fadeInLeft&quot;}\" data-widget_type=\"text-editor.default\">\n\t\t\t\t\t\t\t\t\t<p>Boekenberglei 114 \u2013 2100 Antwerpen<\/p><p>Le stationnement est payant (zone jaune). Paiement possible via parcm\u00e8tre, application mobile ou SMS (comme les applications habituelles \u00e0 Anvers).<br>Vous pouvez \u00e9galement utiliser les parkings P+R \u00e0 proximit\u00e9 :<br>P+R Merksem (10 \u00e0 15 min en tram 5 ou 10)<br>P+R Luchtbal (environ 20 min en tram 2)  <\/p>\t\t\t\t\t\t\t\t<\/div>\n\t\t\t\t<\/div>\n\t\t\t\t<\/div>\n\t\t\t\t<div class=\"elementor-element elementor-element-ec1e944 elementor-invisible elementor-widget elementor-widget-image\" data-id=\"ec1e944\" data-element_type=\"widget\" data-settings=\"{&quot;_animation&quot;:&quot;fadeInUp&quot;}\" data-widget_type=\"image.default\">\n\t\t\t\t\t\t\t\t\t\t\t\t\t\t\t<img decoding=\"async\" width=\"1707\" height=\"2560\" src=\"https:\/\/skinline.be\/wp-content\/uploads\/2025\/12\/Skinline-137-scaled.jpg\" class=\"attachment-full size-full wp-image-1792\" alt=\"skinline 137\" srcset=\"https:\/\/skinline.be\/wp-content\/uploads\/2025\/12\/Skinline-137-scaled.jpg 1707w, https:\/\/skinline.be\/wp-content\/uploads\/2025\/12\/Skinline-137-200x300.jpg 200w, https:\/\/skinline.be\/wp-content\/uploads\/2025\/12\/Skinline-137-683x1024.jpg 683w, https:\/\/skinline.be\/wp-content\/uploads\/2025\/12\/Skinline-137-768x1152.jpg 768w, https:\/\/skinline.be\/wp-content\/uploads\/2025\/12\/Skinline-137-1024x1536.jpg 1024w, https:\/\/skinline.be\/wp-content\/uploads\/2025\/12\/Skinline-137-1365x2048.jpg 1365w\" sizes=\"(max-width: 1707px) 100vw, 1707px\" \/>\t\t\t\t\t\t\t\t\t\t\t\t\t\t\t<\/div>\n\t\t\t\t<div class=\"elementor-element elementor-element-3742930 elementor-invisible elementor-widget elementor-widget-image\" data-id=\"3742930\" data-element_type=\"widget\" data-settings=\"{&quot;_animation&quot;:&quot;fadeInUp&quot;,&quot;_animation_delay&quot;:200}\" data-widget_type=\"image.default\">\n\t\t\t\t\t\t\t\t\t\t\t\t\t\t\t<img decoding=\"async\" width=\"1991\" height=\"2560\" src=\"https:\/\/skinline.be\/wp-content\/uploads\/2025\/12\/Skinline-5-scaled.jpg\" class=\"attachment-full size-full wp-image-1791\" alt=\"skinline 5\" srcset=\"https:\/\/skinline.be\/wp-content\/uploads\/2025\/12\/Skinline-5-scaled.jpg 1991w, https:\/\/skinline.be\/wp-content\/uploads\/2025\/12\/Skinline-5-233x300.jpg 233w, https:\/\/skinline.be\/wp-content\/uploads\/2025\/12\/Skinline-5-796x1024.jpg 796w, https:\/\/skinline.be\/wp-content\/uploads\/2025\/12\/Skinline-5-768x987.jpg 768w, https:\/\/skinline.be\/wp-content\/uploads\/2025\/12\/Skinline-5-1195x1536.jpg 1195w, https:\/\/skinline.be\/wp-content\/uploads\/2025\/12\/Skinline-5-1593x2048.jpg 1593w\" sizes=\"(max-width: 1991px) 100vw, 1991px\" \/>\t\t\t\t\t\t\t\t\t\t\t\t\t\t\t<\/div>\n\t\t\t\t<\/div>\n\t\t\t\t<\/div>\n\t\t\t\t<\/div>\n\t\t\t\t<\/div>\n\t\t","protected":false},"excerpt":{"rendered":"<p>Contactez-nous pour des traitements au laser \u00e0 Anvers Vous ne savez pas quel traitement au laser vous convient\u202f? Vous souhaitez en savoir plus sur nos traitements ou notre m\u00e9thode\u202f? Remplissez le formulaire ci-dessous et nous vous recontacterons rapidement. Appelez-nous 0491 41 87 86 Visitez notre centre laser Boekenberglei 114 \u2013 2100 Antwerpen Le stationnement est [&hellip;]<\/p>\n","protected":false},"author":1,"featured_media":0,"parent":0,"menu_order":7,"comment_status":"closed","ping_status":"closed","template":"","meta":{"_acf_changed":false,"footnotes":""},"class_list":["post-1854","page","type-page","status-publish","hentry"],"acf":[],"_links":{"self":[{"href":"https:\/\/skinline.be\/fr\/wp-json\/wp\/v2\/pages\/1854","targetHints":{"allow":["GET"]}}],"collection":[{"href":"https:\/\/skinline.be\/fr\/wp-json\/wp\/v2\/pages"}],"about":[{"href":"https:\/\/skinline.be\/fr\/wp-json\/wp\/v2\/types\/page"}],"author":[{"embeddable":true,"href":"https:\/\/skinline.be\/fr\/wp-json\/wp\/v2\/users\/1"}],"replies":[{"embeddable":true,"href":"https:\/\/skinline.be\/fr\/wp-json\/wp\/v2\/comments?post=1854"}],"version-history":[{"count":9,"href":"https:\/\/skinline.be\/fr\/wp-json\/wp\/v2\/pages\/1854\/revisions"}],"predecessor-version":[{"id":2267,"href":"https:\/\/skinline.be\/fr\/wp-json\/wp\/v2\/pages\/1854\/revisions\/2267"}],"wp:attachment":[{"href":"https:\/\/skinline.be\/fr\/wp-json\/wp\/v2\/media?parent=1854"}],"curies":[{"name":"wp","href":"https:\/\/api.w.org\/{rel}","templated":true}]}}